{"id":161,"date":"2017-10-23T16:27:50","date_gmt":"2017-10-23T07:27:50","guid":{"rendered":"https:\/\/gameline.jp\/428\/?page_id=161"},"modified":"2021-03-18T15:48:07","modified_gmt":"2021-03-18T06:48:07","slug":"%e3%82%b9%e3%83%9a%e3%82%b7%e3%83%a3%e3%83%ab%e3%82%a8%e3%83%94%e3%82%bd%e3%83%bc%e3%83%89","status":"publish","type":"page","link":"https:\/\/gameline.jp\/428\/%e3%82%b5%e3%83%96%e3%82%a4%e3%83%99%e3%83%b3%e3%83%88\/%e3%82%b9%e3%83%9a%e3%82%b7%e3%83%a3%e3%83%ab%e3%82%a8%e3%83%94%e3%82%bd%e3%83%bc%e3%83%89\/","title":{"rendered":"\u30b9\u30da\u30b7\u30e3\u30eb\u30a8\u30d4\u30bd\u30fc\u30c9"},"content":{"rendered":"<p>\u30b5\u30a6\u30f3\u30c9\u30ce\u30d9\u30eb\u30b2\u30fc\u30e0\u300e<strong>428 \u301c\u5c01\u9396\u3055\u308c\u305f\u6e0b\u8c37\u3067\u301c<\/strong>\u300f\u306e\u653b\u7565\u60c5\u5831\u3067\u3059\u3002<\/p>\n<p>&nbsp;<\/p>\n<p>&nbsp;<\/p>\n<h2 id=\"mokuji-1\">\u30b9\u30da\u30b7\u30e3\u30eb\u30a8\u30d4\u30bd\u30fc\u30c9\u306b\u3064\u3044\u3066<\/h2>\n<p>\u672c\u7de8\u30af\u30ea\u30a2\u5f8c\u3001\u89e3\u9664\u6761\u4ef6\u3092\u6e80\u305f\u3059\u3053\u3068\u306b\u3088\u3063\u3066\u5404\u4eba\u7269\u306e\u30b9\u30da\u30b7\u30e3\u30eb\u30a8\u30d4\u30bd\u30fc\u30c9\u3092\u898b\u308b\u3053\u3068\u304c\u3067\u304d\u308b\u3002<\/p>\n<p>\u89e3\u9664\u6761\u4ef6\u306b\u3064\u3044\u3066\u306f\u3001<a href=\"https:\/\/gameline.jp\/428\/\u30b5\u30d6\u30a4\u30d9\u30f3\u30c8\/\u30ab\u30eb\u30c8\u30af\u30a4\u30ba428\/\">\u30ab\u30eb\u30c8\u30af\u30a4\u30ba428<\/a>\u306e\u554f\u984c\u3092\u89e3\u304f\u304b\u3001\u7279\u5b9a\u306e\u5834\u9762\u3067\u30b3\u30de\u30f3\u30c9\u3092\u5165\u529b\u3059\u308b\u3068\u89e3\u9664\u3067\u304d\u308b\u3002<\/p>\n<p>\u203b\u7279\u5b9a\u306e\u5834\u9762\u3067\u3057\u3070\u3089\u304f\u3059\u308b\u3068\u30a8\u30b3\u5409\u304c\u30b3\u30de\u30f3\u30c9\u3092\u6559\u3048\u3066\u304f\u308c\u308b\u306e\u3067\u3001\u305d\u306e\u5834\u3067\u5165\u529b\u3059\u308b\u3002<\/p>\n<p>&nbsp;<\/p>\n<p>&nbsp;<\/p>\n<h2 id=\"mokuji-2\">\u30b9\u30da\u30b7\u30e3\u30eb\u30a8\u30d4\u30bd\u30fc\u30c9\u4e00\u89a7(Wii\u7248)<\/h2>\n<table cellspacing=\"0\" cellpadding=\"0\">\n<tbody>\n<tr>\n<th style=\"width: 60px\" valign=\"middle\">\n<p align=\"center\"><span style=\"font-size: small\"><b>No.<\/b><\/span><\/p>\n<\/th>\n<th style=\"width: 180px\" valign=\"middle\">\n<p align=\"center\"><span style=\"font-size: small\"><b>\u30a8\u30d4\u30bd\u30fc\u30c9<\/b><\/span><\/p>\n<\/th>\n<th style=\"width: 520px\" valign=\"middle\">\n<p align=\"center\"><span style=\"font-size: small\"><b>\u6761\u4ef6<\/b><\/span><\/p>\n<\/th>\n<\/tr>\n<tr>\n<td valign=\"middle\">\n<p align=\"center\"><span style=\"font-size: small\">1<\/span><\/p>\n<\/td>\n<td valign=\"middle\">\n<p align=\"center\"><span style=\"font-size: small\">\u67f3\u4e0b\u7d14\u4e00<\/span><\/p>\n<\/td>\n<td valign=\"middle\">\n<p align=\"center\"><span style=\"font-size: small\">\u30ab\u30eb\u30c8\u30af\u30a4\u30ba428\uff1aQ3<\/span><\/p>\n<\/td>\n<\/tr>\n<tr>\n<td valign=\"middle\">\n<p align=\"center\"><span style=\"font-size: small\">2<\/span><\/p>\n<\/td>\n<td valign=\"middle\">\n<p align=\"center\"><span style=\"font-size: small\">\u78ef\u5343\u6676<\/span><\/p>\n<\/td>\n<td valign=\"middle\">\n<p align=\"center\"><span style=\"font-size: small\">\u3014\u5fa1\u6cd5\u5ddd \/ 16:05\u3015\u300c\u3042\u306e\u51fa\u7248\u793e\u307e\u3067\u306a\u3089\u300110\u5206\u3067\u7740\u304d\u307e\u3059\u3088\u300d<\/span><\/p>\n<p align=\"center\"><span style=\"font-size: small\">\u300e\u53f3B\u53f3BB\u53f3\u300f<\/span><\/p>\n<\/td>\n<\/tr>\n<tr>\n<td valign=\"middle\">\n<p align=\"center\"><span style=\"font-size: small\">3<\/span><\/p>\n<\/td>\n<td valign=\"middle\">\n<p align=\"center\"><span style=\"font-size: small\">\u68b6\u539f\u7fa9\u7537<\/span><\/p>\n<\/td>\n<td valign=\"middle\">\n<p align=\"center\"><span style=\"font-size: small\">\u3014\u5927\u6ca2 \/ 12:30\u3015\u300c\u3042\u308c\u3001\u968f\u5206\u3068\u3042\u3063\u3055\u308a\u3057\u3066\u307e\u3059\u306d\u300d<\/span><\/p>\n<p align=\"center\"><span style=\"font-size: small\">\u300e\u53f3\u53f3\u53f3BB\u53f3\u300f<\/span><\/p>\n<\/td>\n<\/tr>\n<tr>\n<td valign=\"middle\">\n<p align=\"center\"><span style=\"font-size: small\">4<\/span><\/p>\n<\/td>\n<td valign=\"middle\">\n<p align=\"center\"><span style=\"font-size: small\">\u5de5\u85e4\u7559\u7f8e<\/span><\/p>\n<\/td>\n<td valign=\"middle\">\n<p align=\"center\"><span style=\"font-size: small\">\u3014\u52a0\u7d0d \/ 15:25\u3015\u300c\u305d\u306e\u8a00\u8449\u306e\u610f\u5473\u3092\u52a0\u7d0d\u306f\u565b\u307f\u7de0\u3081\u305f\u3002\u300d<\/span><\/p>\n<p align=\"center\"><span style=\"font-size: small\">\u300e\u53f3\u53f3B\u53f3\u53f3B\u300f<\/span><\/p>\n<\/td>\n<\/tr>\n<tr>\n<td valign=\"middle\">\n<p align=\"center\"><span style=\"font-size: small\">5<\/span><\/p>\n<\/td>\n<td valign=\"middle\">\n<p align=\"center\"><span style=\"font-size: small\">\u4e45\u702c\u5b8f\u4e8c<\/span><\/p>\n<\/td>\n<td valign=\"middle\">\n<p align=\"center\"><span style=\"font-size: small\">\u30ab\u30eb\u30c8\u30af\u30a4\u30ba428\uff1aQ9<\/span><\/p>\n<\/td>\n<\/tr>\n<tr>\n<td valign=\"middle\">\n<p align=\"center\"><span style=\"font-size: small\">6<\/span><\/p>\n<\/td>\n<td valign=\"middle\">\n<p align=\"center\"><span style=\"font-size: small\">\u5927\u6749\u77e5\u91cc\u5b50<\/span><\/p>\n<\/td>\n<td valign=\"middle\">\n<p align=\"center\"><span style=\"font-size: small\">\u30ab\u30eb\u30c8\u30af\u30a4\u30ba428\uff1aQ8<\/span><\/p>\n<\/td>\n<\/tr>\n<tr>\n<td valign=\"middle\">\n<p align=\"center\"><span style=\"font-size: small\">7<\/span><\/p>\n<\/td>\n<td valign=\"middle\">\n<p align=\"center\"><span style=\"font-size: small\">\u897f\u6ca2\u9032VS\u6850\u751f\u6d0b\u53f8<\/span><\/p>\n<\/td>\n<td valign=\"middle\">\n<p align=\"center\"><span style=\"font-size: small\">\u30ab\u30eb\u30c8\u30af\u30a4\u30ba428\uff1aQ6<\/span><\/p>\n<\/td>\n<\/tr>\n<tr>\n<td valign=\"middle\">\n<p align=\"center\"><span style=\"font-size: small\">8<\/span><\/p>\n<\/td>\n<td valign=\"middle\">\n<p align=\"center\"><span style=\"font-size: small\">\u982d\u5c71\u7167\u96c4<\/span><\/p>\n<\/td>\n<td valign=\"middle\">\n<p align=\"center\"><span style=\"font-size: small\">\u3014\u4e9c\u667a \/ 14:35\u3015(BAD END No.36)\u300c\u4e8c\u4eba\u304c\u304b\u308a\u3067\u5f31\u3044\u8005\u3044\u3058\u3081\u304b\u3088\u3002\u300d<\/span><\/p>\n<p align=\"center\"><span style=\"font-size: small\">\u300e\u53f3\u53f3BB\u53f3B\u300f<\/span><\/p>\n<\/td>\n<\/tr>\n<tr>\n<td valign=\"middle\">\n<p align=\"center\"><span style=\"font-size: small\">9<\/span><\/p>\n<\/td>\n<td valign=\"middle\">\n<p align=\"center\"><span style=\"font-size: small\">\u982d\u5c71\u82b1<\/span><\/p>\n<\/td>\n<td valign=\"middle\">\n<p align=\"center\"><span style=\"font-size: small\">\u3014\u52a0\u7d0d \/ 12:40\u3015(BAD END No.18)\u300c\u5f85\u3066\uff01\uff01\u300d<\/span><\/p>\n<p align=\"center\"><span style=\"font-size: small\">\u300e\u53f3\u53f3BBB\u53f3\u300f<\/span><\/p>\n<\/td>\n<\/tr>\n<tr>\n<td valign=\"middle\">\n<p align=\"center\"><span style=\"font-size: small\">10<\/span><\/p>\n<\/td>\n<td valign=\"middle\">\n<p align=\"center\"><span style=\"font-size: small\">\u5c0f\u6d25\u671d\u96c4&amp;\u702c\u5ddd\u6e6f\u592a\u90ce<\/span><\/p>\n<\/td>\n<td valign=\"middle\">\n<p align=\"center\"><span style=\"font-size: small\">\u30ab\u30eb\u30c8\u30af\u30a4\u30ba428\uff1aQ1<\/span><\/p>\n<\/td>\n<\/tr>\n<tr>\n<td valign=\"middle\">\n<p align=\"center\"><span style=\"font-size: small\">11<\/span><\/p>\n<\/td>\n<td valign=\"middle\">\n<p align=\"center\"><span style=\"font-size: small\">\u68ee\u7530\u30df\u30af<\/span><\/p>\n<\/td>\n<td valign=\"middle\">\n<p align=\"center\"><span style=\"font-size: small\">\u30ab\u30eb\u30c8\u30af\u30a4\u30ba428\uff1aQ5<\/span><\/p>\n<\/td>\n<\/tr>\n<tr>\n<td valign=\"middle\">\n<p align=\"center\"><span style=\"font-size: small\">12<\/span><\/p>\n<\/td>\n<td valign=\"middle\">\n<p align=\"center\"><span style=\"font-size: small\">\u5b89\u7530\u5927\u6210<\/span><\/p>\n<\/td>\n<td valign=\"middle\">\n<p align=\"center\"><span style=\"font-size: small\">\u3014\u5fa1\u6cd5\u5ddd \/ 12:00\u3015\u300c\u4ffa\u306e\u8a00\u52d5\u306b\u8179\u304c\u7acb\u3063\u305f\u304b\u3082\u306a\u3002\u300d<\/span><\/p>\n<p align=\"center\"><span style=\"font-size: small\">\u300e\u53f3B\u53f3\u53f3B\u53f3\u300f<\/span><\/p>\n<\/td>\n<\/tr>\n<tr>\n<td valign=\"middle\">\n<p align=\"center\"><span style=\"font-size: small\">13<\/span><\/p>\n<\/td>\n<td valign=\"middle\">\n<p align=\"center\"><span style=\"font-size: small\">\u67ff\u6cbc\u6dbc\u5b50<\/span><\/p>\n<\/td>\n<td valign=\"middle\">\n<p align=\"center\"><span style=\"font-size: small\">\u3014\u4e9c\u667a \/ 15:05\u3015(BAD END No.43)\u300c\u307e\u3063\u3059\u3050\u306b\u76e3\u8996\u30ab\u30e1\u30e9\u30e2\u30cb\u30bf\u30fc\u306e\u301c\u300d<\/span><\/p>\n<p align=\"center\"><span style=\"font-size: small\">\u300e\u53f3B\u53f3\u53f3BB\u300f<\/span><\/p>\n<\/td>\n<\/tr>\n<tr>\n<td valign=\"middle\">\n<p align=\"center\"><span style=\"font-size: small\">14<\/span><\/p>\n<\/td>\n<td valign=\"middle\">\n<p align=\"center\"><span style=\"font-size: small\">\u7267\u91ce\u5353<\/span><\/p>\n<\/td>\n<td valign=\"middle\">\n<p align=\"center\"><span style=\"font-size: small\">\u30ab\u30eb\u30c8\u30af\u30a4\u30ba428\uff1aQ11<\/span><\/p>\n<\/td>\n<\/tr>\n<tr>\n<td valign=\"middle\">\n<p align=\"center\"><span style=\"font-size: small\">15<\/span><\/p>\n<\/td>\n<td valign=\"middle\">\n<p align=\"center\"><span style=\"font-size: small\">\u7c73\u7530\u30de\u30ad<\/span><\/p>\n<\/td>\n<td valign=\"middle\">\n<p align=\"center\"><span style=\"font-size: small\">\u30ab\u30eb\u30c8\u30af\u30a4\u30ba428\uff1aQ2<\/span><\/p>\n<\/td>\n<\/tr>\n<tr>\n<td valign=\"middle\">\n<p align=\"center\"><span style=\"font-size: small\">16<\/span><\/p>\n<\/td>\n<td valign=\"middle\">\n<p align=\"center\"><span style=\"font-size: small\">\u7247\u5c71\u5149\u4e00\u90ce<\/span><\/p>\n<\/td>\n<td valign=\"middle\">\n<p align=\"center\"><span style=\"font-size: small\">\u30ab\u30eb\u30c8\u30af\u30a4\u30ba428\uff1aQ10<\/span><\/p>\n<\/td>\n<\/tr>\n<tr>\n<td valign=\"middle\">\n<p align=\"center\"><span style=\"font-size: small\">17<\/span><\/p>\n<\/td>\n<td valign=\"middle\">\n<p align=\"center\"><span style=\"font-size: small\">\u7af9\u4e95\u96c5\u6075<\/span><\/p>\n<\/td>\n<td valign=\"middle\">\n<p align=\"center\"><span style=\"font-size: small\">\u3014\u5927\u6ca2 \/ 14:20\u3015(BAD END No.40)\u300c\u5927\u6ca2\u306e\u8133\u88cf\u306b\u3070\u305f\u3070\u305f\u3068\u301c\u300d<\/span><\/p>\n<p align=\"center\"><span style=\"font-size: small\">\u300e\u53f3B\u53f3BBB\u300f<\/span><\/p>\n<\/td>\n<\/tr>\n<tr>\n<td valign=\"middle\">\n<p align=\"center\"><span style=\"font-size: small\">18<\/span><\/p>\n<\/td>\n<td valign=\"middle\">\n<p align=\"center\"><span style=\"font-size: small\">\u5927\u6d17\u771f\u4e4b\u4ecb<\/span><\/p>\n<\/td>\n<td valign=\"middle\">\n<p align=\"center\"><span style=\"font-size: small\">\u30ab\u30eb\u30c8\u30af\u30a4\u30ba428\uff1aQ7<\/span><\/p>\n<\/td>\n<\/tr>\n<tr>\n<td valign=\"middle\">\n<p align=\"center\"><span style=\"font-size: small\">19<\/span><\/p>\n<\/td>\n<td valign=\"middle\">\n<p align=\"center\"><span style=\"font-size: small\">\u30a8\u30f3\u30b8\u30fc\u30ba<\/span><\/p>\n<\/td>\n<td valign=\"middle\">\n<p align=\"center\"><span style=\"font-size: small\">\u30ab\u30eb\u30c8\u30af\u30a4\u30ba428\uff1aQ4<\/span><\/p>\n<\/td>\n<\/tr>\n<tr>\n<td valign=\"middle\">\n<p align=\"center\"><span style=\"font-size: small\">20<\/span><\/p>\n<\/td>\n<td valign=\"middle\">\n<p align=\"center\"><span style=\"font-size: small\">\u798f\u9593\u6b63\u9053<\/span><\/p>\n<\/td>\n<td valign=\"middle\">\n<p align=\"center\"><span style=\"font-size: small\">\u3014\u30de\u30ea\u30a2 \/ 14:00\u3015\u300c\u81ea\u5206\u3067\u51e6\u5206\u3059\u308b\u3068\u306f\u8a00\u3063\u305f\u3082\u306e\u306e\u300d<\/span><\/p>\n<p align=\"center\"><span style=\"font-size: small\">\u300e\u53f3BBB\u53f3\u53f3\u300f<\/span><\/p>\n<\/td>\n<\/tr>\n<tr>\n<td valign=\"middle\">\n<p align=\"center\"><span style=\"font-size: small\">21<\/span><\/p>\n<\/td>\n<td valign=\"middle\">\n<p align=\"center\"><span style=\"font-size: small\">\u5927\u9580\u62d3<\/span><\/p>\n<\/td>\n<td valign=\"middle\">\n<p align=\"center\"><span style=\"font-size: small\">\u3014\u4e9c\u667a \/ 13:50\u3015(BAD END No.28)\u300c\u4e8c\u4eba\u306f\u7d76\u53e5\u3057\u305f\u3002\u300d<\/span><\/p>\n<p align=\"center\"><span style=\"font-size: small\">\u300e\u53f3BBB\u53f3B\u300f<\/span><\/p>\n<\/td>\n<\/tr>\n<\/tbody>\n<\/table>\n<p>&nbsp;<\/p>\n<p>&nbsp;<\/p>\n<h2 id=\"mokuji-3\">\u30b9\u30da\u30b7\u30e3\u30eb\u30a8\u30d4\u30bd\u30fc\u30c9\u4e00\u89a7(PS3, PSP\u7248)<\/h2>\n<table cellspacing=\"0\" cellpadding=\"0\">\n<tbody>\n<tr>\n<th style=\"width: 60px\" valign=\"middle\">\n<p align=\"center\"><span style=\"font-size: small\"><b>No.<\/b><\/span><\/p>\n<\/th>\n<th style=\"width: 180px\" valign=\"middle\">\n<p align=\"center\"><span style=\"font-size: small\"><b>\u30a8\u30d4\u30bd\u30fc\u30c9<\/b><\/span><\/p>\n<\/th>\n<th style=\"width: 520px\" valign=\"middle\">\n<p align=\"center\"><span style=\"font-size: small\"><b>\u6761\u4ef6<\/b><\/span><\/p>\n<\/th>\n<\/tr>\n<tr>\n<td valign=\"middle\">\n<p align=\"center\"><span style=\"font-size: small\">1<\/span><\/p>\n<\/td>\n<td valign=\"middle\">\n<p align=\"center\"><span style=\"font-size: small\">\u5c0f\u6d25\u671d\u96c4&amp;\u702c\u5ddd\u6e6f\u592a\u90ce<\/span><\/p>\n<\/td>\n<td valign=\"middle\">\n<p align=\"center\"><span style=\"font-size: small\">\u30ab\u30eb\u30c8\u30af\u30a4\u30ba428\uff1aQ1<\/span><\/p>\n<\/td>\n<\/tr>\n<tr>\n<td valign=\"middle\">\n<p align=\"center\"><span style=\"font-size: small\">2<\/span><\/p>\n<\/td>\n<td valign=\"middle\">\n<p align=\"center\"><span style=\"font-size: small\">\u7c73\u7530\u30de\u30ad<\/span><\/p>\n<\/td>\n<td valign=\"middle\">\n<p align=\"center\"><span style=\"font-size: small\">\u30ab\u30eb\u30c8\u30af\u30a4\u30ba428\uff1aQ2<\/span><\/p>\n<\/td>\n<\/tr>\n<tr>\n<td valign=\"middle\">\n<p align=\"center\"><span style=\"font-size: small\">3<\/span><\/p>\n<\/td>\n<td valign=\"middle\">\n<p align=\"center\"><span style=\"font-size: small\">\u67f3\u4e0b\u7d14\u4e00<\/span><\/p>\n<\/td>\n<td valign=\"middle\">\n<p align=\"center\"><span style=\"font-size: small\">\u30ab\u30eb\u30c8\u30af\u30a4\u30ba428\uff1aQ3<\/span><\/p>\n<\/td>\n<\/tr>\n<tr>\n<td valign=\"middle\">\n<p align=\"center\"><span style=\"font-size: small\">4<\/span><\/p>\n<\/td>\n<td valign=\"middle\">\n<p align=\"center\"><span style=\"font-size: small\">\u30a8\u30f3\u30b8\u30fc\u30ba<\/span><\/p>\n<\/td>\n<td valign=\"middle\">\n<p align=\"center\"><span style=\"font-size: small\">\u30ab\u30eb\u30c8\u30af\u30a4\u30ba428\uff1aQ4<\/span><\/p>\n<\/td>\n<\/tr>\n<tr>\n<td valign=\"middle\">\n<p align=\"center\"><span style=\"font-size: small\">5<\/span><\/p>\n<\/td>\n<td valign=\"middle\">\n<p align=\"center\"><span style=\"font-size: small\">\u68ee\u7530\u30df\u30af<\/span><\/p>\n<\/td>\n<td valign=\"middle\">\n<p align=\"center\"><span style=\"font-size: small\">\u30ab\u30eb\u30c8\u30af\u30a4\u30ba428\uff1aQ5<\/span><\/p>\n<\/td>\n<\/tr>\n<tr>\n<td valign=\"middle\">\n<p align=\"center\"><span style=\"font-size: small\">6<\/span><\/p>\n<\/td>\n<td valign=\"middle\">\n<p align=\"center\"><span style=\"font-size: small\">\u897f\u6ca2\u9032VS\u6850\u751f\u6d0b\u53f8<\/span><\/p>\n<\/td>\n<td valign=\"middle\">\n<p align=\"center\"><span style=\"font-size: small\">\u30ab\u30eb\u30c8\u30af\u30a4\u30ba428\uff1aQ6<\/span><\/p>\n<\/td>\n<\/tr>\n<tr>\n<td valign=\"middle\">\n<p align=\"center\"><span style=\"font-size: small\">7<\/span><\/p>\n<\/td>\n<td valign=\"middle\">\n<p align=\"center\"><span style=\"font-size: small\">\u5927\u6d17\u771f\u4e4b\u4ecb<\/span><\/p>\n<\/td>\n<td valign=\"middle\">\n<p align=\"center\"><span style=\"font-size: small\">\u30ab\u30eb\u30c8\u30af\u30a4\u30ba428\uff1aQ7<\/span><\/p>\n<\/td>\n<\/tr>\n<tr>\n<td valign=\"middle\">\n<p align=\"center\"><span style=\"font-size: small\">8<\/span><\/p>\n<\/td>\n<td valign=\"middle\">\n<p align=\"center\"><span style=\"font-size: small\">\u5927\u6749\u77e5\u91cc\u5b50<\/span><\/p>\n<\/td>\n<td valign=\"middle\">\n<p align=\"center\"><span style=\"font-size: small\">\u30ab\u30eb\u30c8\u30af\u30a4\u30ba428\uff1aQ8<\/span><\/p>\n<\/td>\n<\/tr>\n<tr>\n<td valign=\"middle\">\n<p align=\"center\"><span style=\"font-size: small\">9<\/span><\/p>\n<\/td>\n<td valign=\"middle\">\n<p align=\"center\"><span style=\"font-size: small\">\u4e45\u702c\u5b8f\u4e8c<\/span><\/p>\n<\/td>\n<td valign=\"middle\">\n<p align=\"center\"><span style=\"font-size: small\">\u30ab\u30eb\u30c8\u30af\u30a4\u30ba428\uff1aQ9<\/span><\/p>\n<\/td>\n<\/tr>\n<tr>\n<td valign=\"middle\">\n<p align=\"center\"><span style=\"font-size: small\">10<\/span><\/p>\n<\/td>\n<td valign=\"middle\">\n<p align=\"center\"><span style=\"font-size: small\">\u7247\u5c71\u5149\u4e00\u90ce<\/span><\/p>\n<\/td>\n<td valign=\"middle\">\n<p align=\"center\"><span style=\"font-size: small\">\u30ab\u30eb\u30c8\u30af\u30a4\u30ba428\uff1aQ10<\/span><\/p>\n<\/td>\n<\/tr>\n<tr>\n<td valign=\"middle\">\n<p align=\"center\"><span style=\"font-size: small\">11<\/span><\/p>\n<\/td>\n<td valign=\"middle\">\n<p align=\"center\"><span style=\"font-size: small\">\u7267\u91ce\u5353<\/span><\/p>\n<\/td>\n<td valign=\"middle\">\n<p align=\"center\"><span style=\"font-size: small\">\u30ab\u30eb\u30c8\u30af\u30a4\u30ba428\uff1aQ11<\/span><\/p>\n<\/td>\n<\/tr>\n<tr>\n<td valign=\"middle\">\n<p align=\"center\"><span style=\"font-size: small\">12<\/span><\/p>\n<\/td>\n<td valign=\"middle\">\n<p align=\"center\"><span style=\"font-size: small\">\u68b6\u539f\u7fa9\u7537<\/span><\/p>\n<\/td>\n<td valign=\"middle\">\n<p align=\"center\"><span style=\"font-size: small\">\u3014\u5927\u6ca2 \/ 12:30\u3015\u300c\u3042\u308c\u3001\u968f\u5206\u3068\u3042\u3063\u3055\u308a\u3057\u3066\u307e\u3059\u306d\u300d<\/span><\/p>\n<p align=\"center\"><span style=\"font-size: small\">\u300e\u53f3\u53f3\u53f3\u00d7\u00d7\u53f3\u300f<\/span><\/p>\n<\/td>\n<\/tr>\n<tr>\n<td valign=\"middle\">\n<p align=\"center\"><span style=\"font-size: small\">13<\/span><\/p>\n<\/td>\n<td valign=\"middle\">\n<p align=\"center\"><span style=\"font-size: small\">\u798f\u9593\u6b63\u9053<\/span><\/p>\n<\/td>\n<td valign=\"middle\">\n<p align=\"center\"><span style=\"font-size: small\">\u3014\u30de\u30ea\u30a2 \/ 14:00\u3015\u300c\u81ea\u5206\u3067\u51e6\u5206\u3059\u308b\u3068\u306f\u8a00\u3063\u305f\u3082\u306e\u306e\u300d<\/span><\/p>\n<p align=\"center\"><span style=\"font-size: small\">\u300e\u53f3\u00d7\u00d7\u00d7\u53f3\u53f3\u300f<\/span><\/p>\n<\/td>\n<\/tr>\n<tr>\n<td valign=\"middle\">\n<p align=\"center\"><span style=\"font-size: small\">14<\/span><\/p>\n<\/td>\n<td valign=\"middle\">\n<p align=\"center\"><span style=\"font-size: small\">\u5de5\u85e4\u7559\u7f8e<\/span><\/p>\n<\/td>\n<td valign=\"middle\">\n<p align=\"center\"><span style=\"font-size: small\">\u3014\u52a0\u7d0d \/ 15:25\u3015\u300c\u305d\u306e\u8a00\u8449\u306e\u610f\u5473\u3092\u52a0\u7d0d\u306f\u565b\u307f\u7de0\u3081\u305f\u3002\u300d<\/span><\/p>\n<p align=\"center\"><span style=\"font-size: small\">\u300e\u53f3\u53f3\u00d7\u53f3\u53f3\u00d7\u300f<\/span><\/p>\n<\/td>\n<\/tr>\n<tr>\n<td valign=\"middle\">\n<p align=\"center\"><span style=\"font-size: small\">15<\/span><\/p>\n<\/td>\n<td valign=\"middle\">\n<p align=\"center\"><span style=\"font-size: small\">\u67ff\u6cbc\u6dbc\u5b50<\/span><\/p>\n<\/td>\n<td valign=\"middle\">\n<p align=\"center\"><span style=\"font-size: small\">\u3014\u4e9c\u667a \/ 15:05\u3015(BAD END No.43)\u300c\u307e\u3063\u3059\u3050\u306b\u76e3\u8996\u30ab\u30e1\u30e9\u30e2\u30cb\u30bf\u30fc\u306e\u301c\u300d<\/span><\/p>\n<p align=\"center\"><span style=\"font-size: small\">\u300e\u53f3\u00d7\u53f3\u53f3\u00d7\u00d7\u300f<\/span><\/p>\n<\/td>\n<\/tr>\n<tr>\n<td valign=\"middle\">\n<p align=\"center\"><span style=\"font-size: small\">16<\/span><\/p>\n<\/td>\n<td valign=\"middle\">\n<p align=\"center\"><span style=\"font-size: small\">\u78ef\u5343\u6676<\/span><\/p>\n<\/td>\n<td valign=\"middle\">\n<p align=\"center\"><span style=\"font-size: small\">\u3014\u5fa1\u6cd5\u5ddd \/ 16:05\u3015\u300c\u3042\u306e\u51fa\u7248\u793e\u307e\u3067\u306a\u3089\u300110\u5206\u3067\u7740\u304d\u307e\u3059\u3088\u300d<\/span><\/p>\n<p align=\"center\"><span style=\"font-size: small\">\u300e\u53f3\u00d7\u53f3\u00d7\u00d7\u53f3\u300f<\/span><\/p>\n<\/td>\n<\/tr>\n<tr>\n<td valign=\"middle\">\n<p align=\"center\"><span style=\"font-size: small\">17<\/span><\/p>\n<\/td>\n<td valign=\"middle\">\n<p align=\"center\"><span style=\"font-size: small\">\u5b89\u7530\u5927\u6210<\/span><\/p>\n<\/td>\n<td valign=\"middle\">\n<p align=\"center\"><span style=\"font-size: small\">\u3014\u5fa1\u6cd5\u5ddd \/ 12:00\u3015\u300c\u4ffa\u306e\u8a00\u52d5\u306b\u8179\u304c\u7acb\u3063\u305f\u304b\u3082\u306a\u3002\u300d<\/span><\/p>\n<p align=\"center\"><span style=\"font-size: small\">\u300e\u53f3\u00d7\u53f3\u53f3\u00d7\u53f3\u300f<\/span><\/p>\n<\/td>\n<\/tr>\n<tr>\n<td valign=\"middle\">\n<p align=\"center\"><span style=\"font-size: small\">18<\/span><\/p>\n<\/td>\n<td valign=\"middle\">\n<p align=\"center\"><span style=\"font-size: small\">\u982d\u5c71\u82b1<\/span><\/p>\n<\/td>\n<td valign=\"middle\">\n<p align=\"center\"><span style=\"font-size: small\">\u3014\u52a0\u7d0d \/ 12:40\u3015(BAD END No.18)\u300c\u5f85\u3066\uff01\uff01\u300d<\/span><\/p>\n<p align=\"center\"><span style=\"font-size: small\">\u300e\u53f3\u53f3\u00d7\u00d7\u00d7\u53f3\u300f<\/span><\/p>\n<\/td>\n<\/tr>\n<tr>\n<td valign=\"middle\">\n<p align=\"center\"><span style=\"font-size: small\">19<\/span><\/p>\n<\/td>\n<td valign=\"middle\">\n<p align=\"center\"><span style=\"font-size: small\">\u5927\u9580\u62d3<\/span><\/p>\n<\/td>\n<td valign=\"middle\">\n<p align=\"center\"><span style=\"font-size: small\">\u3014\u4e9c\u667a \/ 13:50\u3015(BAD END No.28)\u300c\u4e8c\u4eba\u306f\u7d76\u53e5\u3057\u305f\u3002\u300d<\/span><\/p>\n<p align=\"center\"><span style=\"font-size: small\">\u300e\u53f3\u00d7\u00d7\u00d7\u53f3\u00d7\u300f<\/span><\/p>\n<\/td>\n<\/tr>\n<tr>\n<td valign=\"middle\">\n<p align=\"center\"><span style=\"font-size: small\">20<\/span><\/p>\n<\/td>\n<td valign=\"middle\">\n<p align=\"center\"><span style=\"font-size: small\">\u7af9\u4e95\u96c5\u6075<\/span><\/p>\n<\/td>\n<td valign=\"middle\">\n<p align=\"center\"><span style=\"font-size: small\">\u3014\u5927\u6ca2 \/ 14:20\u3015(BAD END No.40)\u300c\u5927\u6ca2\u306e\u8133\u88cf\u306b\u3070\u305f\u3070\u305f\u3068\u301c\u300d<\/span><\/p>\n<p align=\"center\"><span style=\"font-size: small\">\u300e\u53f3\u00d7\u53f3\u00d7\u00d7\u00d7\u300f<\/span><\/p>\n<\/td>\n<\/tr>\n<tr>\n<td valign=\"middle\">\n<p align=\"center\"><span style=\"font-size: small\">21<\/span><\/p>\n<\/td>\n<td valign=\"middle\">\n<p align=\"center\"><span style=\"font-size: small\">\u982d\u5c71\u7167\u96c4<\/span><\/p>\n<\/td>\n<td valign=\"middle\">\n<p align=\"center\"><span style=\"font-size: small\">\u3014\u4e9c\u667a \/ 14:35\u3015(BAD END No.36)\u300c\u4e8c\u4eba\u304c\u304b\u308a\u3067\u5f31\u3044\u8005\u3044\u3058\u3081\u304b\u3088\u3002\u300d<\/span><\/p>\n<p align=\"center\"><span style=\"font-size: small\">\u300e\u53f3\u53f3\u00d7\u00d7\u53f3\u00d7\u300f<\/span><\/p>\n<\/td>\n<\/tr>\n<tr>\n<td valign=\"middle\">\n<p align=\"center\"><span style=\"font-size: small\">22<\/span><\/p>\n<\/td>\n<td valign=\"middle\">\n<p align=\"center\"><span style=\"font-size: small\">\u5fa1\u6cd5\u5ddd\u5b9f<\/span><\/p>\n<\/td>\n<td valign=\"middle\">\n<p align=\"center\"><span style=\"font-size: small\">\u9234\u97f3\u7de8\u5e8f\u76e4\u300c\u540d\u524d\u3092\u805e\u3044\u3066\u3082\u2026\u2026\u3044\u3044\uff1f\u300d<\/span><\/p>\n<p align=\"center\"><span style=\"font-size: small\">\u300e\u53f3\u00d7\u00d7\u53f3\u53f3\u00d7\u300f<\/span><\/p>\n<\/td>\n<\/tr>\n<\/tbody>\n<\/table>\n<p>&nbsp;<\/p>\n","protected":false},"excerpt":{"rendered":"<p>\u30b5\u30a6\u30f3\u30c9\u30ce\u30d9\u30eb\u30b2\u30fc\u30e0\u300e428 \u301c\u5c01\u9396\u3055\u308c\u305f\u6e0b\u8c37\u3067\u301c\u300f\u306e\u653b\u7565\u60c5\u5831\u3067\u3059\u3002 &nbsp; &nbsp; \u30b9&#8230;<\/p>\n","protected":false},"author":2,"featured_media":245,"parent":144,"menu_order":30,"comment_status":"open","ping_status":"closed","template":"","meta":{"footnotes":""},"class_list":["post-161","page","type-page","status-publish","has-post-thumbnail","hentry"],"meta_data":{"rare":""},"_links":{"self":[{"href":"https:\/\/gameline.jp\/428\/wp-json\/wp\/v2\/pages\/161","targetHints":{"allow":["GET"]}}],"collection":[{"href":"https:\/\/gameline.jp\/428\/wp-json\/wp\/v2\/pages"}],"about":[{"href":"https:\/\/gameline.jp\/428\/wp-json\/wp\/v2\/types\/page"}],"author":[{"embeddable":true,"href":"https:\/\/gameline.jp\/428\/wp-json\/wp\/v2\/users\/2"}],"replies":[{"embeddable":true,"href":"https:\/\/gameline.jp\/428\/wp-json\/wp\/v2\/comments?post=161"}],"version-history":[{"count":3,"href":"https:\/\/gameline.jp\/428\/wp-json\/wp\/v2\/pages\/161\/revisions"}],"predecessor-version":[{"id":257,"href":"https:\/\/gameline.jp\/428\/wp-json\/wp\/v2\/pages\/161\/revisions\/257"}],"up":[{"embeddable":true,"href":"https:\/\/gameline.jp\/428\/wp-json\/wp\/v2\/pages\/144"}],"wp:featuredmedia":[{"embeddable":true,"href":"https:\/\/gameline.jp\/428\/wp-json\/wp\/v2\/media\/245"}],"wp:attachment":[{"href":"https:\/\/gameline.jp\/428\/wp-json\/wp\/v2\/media?parent=161"}],"curies":[{"name":"wp","href":"https:\/\/api.w.org\/{rel}","templated":true}]}}