{"id":33,"date":"2020-01-08T12:02:12","date_gmt":"2020-01-08T03:02:12","guid":{"rendered":"https:\/\/gameline.jp\/shinsonoise\/?page_id=33"},"modified":"2020-01-08T17:03:53","modified_gmt":"2020-01-08T08:03:53","slug":"3%e7%ab%a0%e3%80%80%e9%8f%a1%e3%81%ae%e4%b8%ad%e3%81%ae%e5%b0%91%e5%a5%b3","status":"publish","type":"page","link":"https:\/\/gameline.jp\/shinsonoise\/%e6%94%bb%e7%95%a5%e3%83%81%e3%83%a3%e3%83%bc%e3%83%88\/3%e7%ab%a0%e3%80%80%e9%8f%a1%e3%81%ae%e4%b8%ad%e3%81%ae%e5%b0%91%e5%a5%b3\/","title":{"rendered":"3\u7ae0\u3000\u93e1\u306e\u4e2d\u306e\u5c11\u5973"},"content":{"rendered":"<p>\u5f53\u30b5\u30a4\u30c8\u306f\u3001<strong>PS4<\/strong>\u7248<strong>\u30df\u30b9\u30c6\u30ea\u30fc\u30fb\u30b5\u30b9\u30da\u30f3\u30b9ADV<\/strong>\u300e<strong>\u30b7\u30f3\u30bd\u30a6\u30ce\u30a4\u30ba\u301c\u53d7\u4fe1\u63a2\u5075\u306e\u4e8b\u4ef6\u7c3f\u301c<\/strong>\u300f\u306e<strong>\u653b\u7565\u30b5\u30a4\u30c8<\/strong>\u3067\u3059\u3002<\/p>\n<p>\u3053\u3053\u3067\u306f\u3001\u5404\u7ae0\u3054\u3068\u306e<strong>\u653b\u7565\u30c1\u30e3\u30fc\u30c8<\/strong>\u3092\u7d39\u4ecb\u3057\u307e\u3059\u3002<\/p>\n<p>&nbsp;<\/p>\n<p>&nbsp;<\/p>\n<h2 id=\"mokuji-1\">\u4f1a\u8a71\u30d1\u30fc\u30c8<\/h2>\n<p><span style=\"\"><strong>\u30bb\u30fc\u30d6\u30dd\u30a4\u30f3\u30c8\u2460<\/strong><\/span><\/p>\n<p>(\u4ffa\u304c\u4eca\u3001\u3059\u308b\u3079\u304d\u306a\u306e\u306f\u2212\u2212)<\/p>\n<p>\u3010<strong>\u898b\u3066\u898b\u306c\u3075\u308a\u3057\u3066\u9003\u3052\u308b<\/strong>\u3011\u3000\u21d2\u3000<span style=\"\"><strong>\u30a8\u30f3\u30c7\u30a3\u30f3\u30b0\u300c\u67d4\u3089\u304b\u306a\u507d\u308a\u300d<\/strong><\/span>(\u3072\u304b\u308aEND)\u3078<\/p>\n<p>\u3010<strong>\u901a\u5831\u3059\u308b<\/strong>\u3011\u3000\u21d2\u3000\u63a8\u7406\u30d1\u30fc\u30c8\u3078<\/p>\n<p>&nbsp;<\/p>\n<p>&nbsp;<\/p>\n<h2 id=\"mokuji-2\">\u63a8\u7406\u30d1\u30fc\u30c8<\/h2>\n<h3>Q1. \u93e1\u306e\u5272\u308c\u305f\u30bf\u30a4\u30df\u30f3\u30b0<\/h3>\n<p>1, \u93e1\u304c\u5272\u308c\u305f\u30bf\u30a4\u30df\u30f3\u30b0<\/p>\n<p>\u3010<strong>\u86ed\u5b50\u5148\u751f\u304c\u6b7b\u3093\u3060\u5f8c<\/strong>\u3011<\/p>\n<p>&nbsp;<\/p>\n<p>&nbsp;<\/p>\n<h3>Q2. \u93e1\u3092\u5272\u3063\u305f\u76ee\u7684\u306f\uff1f<\/h3>\n<p>1, \u93e1\u3092\u5272\u3063\u305f\u76ee\u7684<\/p>\n<p>\u3010<strong>\u76ee\u7684\u306f\u306a\u304b\u3063\u305f\u304c\u3001\u72af\u4eba\u304c\u5272\u3063\u305f\u3002<\/strong>\u3011<\/p>\n<p>&nbsp;<\/p>\n<p>&nbsp;<\/p>\n<h3>Q3. \u93e1\u304c\u5272\u308c\u305f\u6642\u3001\u72af\u4eba\u306f\u2212\u2212<\/h3>\n<p>1, \u93e1\u304c\u5272\u308c\u305f\u6642\u306e\u72af\u4eba<\/p>\n<p>\u3010<strong>\u73fe\u5834\u306b\u3044\u306a\u304b\u3063\u305f<\/strong>\u3011<\/p>\n<p>&nbsp;<\/p>\n<p>&nbsp;<\/p>\n<h3>Q4. \u840c\u82b1\u304c\u76ee\u6483\u3057\u305f\u4eba\u7269\u306b\u3064\u3044\u3066<\/h3>\n<p>1, \u840c\u82b1\u304c\u76ee\u6483\u3057\u305f\u300c\u3055\u304f\u3089\u300d\u306f<\/p>\n<p>\u3010<strong>\u6e05\u5ddd\u3055\u3093<\/strong>\u3011<\/p>\n<p>&nbsp;<\/p>\n<p>&nbsp;<\/p>\n<h3>Q5. \u3072\u304b\u308a\u304c\u840c\u82b1\u306b\u58f0\u3092\u304b\u3051\u305f\u7406\u7531\u306f\uff1f<\/h3>\n<p>1, \u3072\u304b\u308a\u306e\u884c\u52d5<\/p>\n<p>\u3010<strong>\u96fb\u8a71\u3092\u304b\u3051\u308b\u305f\u3081<\/strong>\u3011<\/p>\n<p>&nbsp;<\/p>\n<p>&nbsp;<\/p>\n<h3>Q6. \u4ed5\u639b\u3051\u306b\u7528\u3044\u3089\u308c\u305f\u9053\u5177\u306f\u2212\u2212<\/h3>\n<p>1, \u4ed5\u639b\u3051\u306b\u7528\u3044\u3089\u308c\u305f\u9053\u5177 (\u203b3\u3064\u9078\u629e)<\/p>\n<p>\u3010<strong>\u30ac\u30e9\u30b9\u74f6\u3068\u80f8\u50cf<\/strong>\u3011<\/p>\n<p>\u3010<strong>\u30dd\u30b9\u30bf\u30fc\u306e\u7b52\u3068\u7d10<\/strong>\u3011<\/p>\n<p>\u3010<strong>\u30b9\u30de\u30db<\/strong>\u3011<\/p>\n<p>&nbsp;<\/p>\n<p>&nbsp;<\/p>\n<h2 id=\"mokuji-3\">\u4f1a\u8a71\u30d1\u30fc\u30c8<\/h2>\n<p>\u301c\u305d\u3057\u3066\u4ffa\u306f\u3001\u3042\u308b\u756a\u53f7\u3092\u30bf\u30c3\u30c1\u3057\u3066\u3001\u901a\u8a71\u3092\u8a66\u307f\u305f\u2212\u2212<\/p>\n<p>R1\u3067\u3010<strong>\u767a\u4fe1<\/strong>\u3011\u306b\u5207\u308a\u66ff\u3048\u3001\u3010<strong>090-\u00d7\u00d7\u00d7\u00d7-3729<\/strong>\u3011<\/p>\n<p>&nbsp;<\/p>\n<p><span style=\"\"><strong>\u30bb\u30fc\u30d6\u30dd\u30a4\u30f3\u30c8\u2461<\/strong><\/span><\/p>\n<p>\u301c\u4ffa\u306f\u306a\u3093\u3068\u7b54\u3048\u308c\u3070\u3044\u3044\u3093\u3060\u308d\u3046\u304b\u2212\u2212\uff1f<\/p>\n<p>\u3010<strong>\u559c\u3093\u3067\u544a\u767d\u3092\u53d7\u3051\u5165\u308c\u308b<\/strong>\u3011\u3000\u21d2\u3000<span style=\"\"><strong>\u30a8\u30f3\u30c7\u30a3\u30f3\u30b0\u300c\u304a\u5f01\u5f53\u300d<\/strong><\/span>(\u590f\u5e0cEND)\u3078<\/p>\n<p>\u3010<strong>\u53d7\u3051\u3089\u308c\u306a\u3044\u3068\u8b1d\u308b<\/strong>\u3011\u3000\u21d2\u3000\u300c<a href=\"https:\/\/gameline.jp\/shinsonoise\/\u653b\u7565\u30c1\u30e3\u30fc\u30c8\/4\u7ae0%E3%80%80\u53d7\u4fe1\u63a2\u5075vs\u25cb\u25cb\u63a2\u5075\/\">4\u7ae0\u3000\u53d7\u4fe1\u63a2\u5075VS\u25cb\u25cb\u63a2\u5075<\/a>\u300d\u3078<\/p>\n<p>&nbsp;<\/p>\n","protected":false},"excerpt":{"rendered":"<p>\u5f53\u30b5\u30a4\u30c8\u306f\u3001PS4\u7248\u30df\u30b9\u30c6\u30ea\u30fc\u30fb\u30b5\u30b9\u30da\u30f3\u30b9ADV\u300e\u30b7\u30f3\u30bd\u30a6\u30ce\u30a4\u30ba\u301c\u53d7\u4fe1\u63a2\u5075\u306e\u4e8b\u4ef6\u7c3f\u301c\u300f\u306e\u653b\u7565\u30b5\u30a4\u30c8\u3067&#8230;<\/p>\n","protected":false},"author":2,"featured_media":0,"parent":9,"menu_order":30,"comment_status":"closed","ping_status":"closed","template":"","meta":{"footnotes":""},"class_list":["post-33","page","type-page","status-publish","hentry"],"meta_data":{"rare":""},"_links":{"self":[{"href":"https:\/\/gameline.jp\/shinsonoise\/wp-json\/wp\/v2\/pages\/33","targetHints":{"allow":["GET"]}}],"collection":[{"href":"https:\/\/gameline.jp\/shinsonoise\/wp-json\/wp\/v2\/pages"}],"about":[{"href":"https:\/\/gameline.jp\/shinsonoise\/wp-json\/wp\/v2\/types\/page"}],"author":[{"embeddable":true,"href":"https:\/\/gameline.jp\/shinsonoise\/wp-json\/wp\/v2\/users\/2"}],"replies":[{"embeddable":true,"href":"https:\/\/gameline.jp\/shinsonoise\/wp-json\/wp\/v2\/comments?post=33"}],"version-history":[{"count":6,"href":"https:\/\/gameline.jp\/shinsonoise\/wp-json\/wp\/v2\/pages\/33\/revisions"}],"predecessor-version":[{"id":55,"href":"https:\/\/gameline.jp\/shinsonoise\/wp-json\/wp\/v2\/pages\/33\/revisions\/55"}],"up":[{"embeddable":true,"href":"https:\/\/gameline.jp\/shinsonoise\/wp-json\/wp\/v2\/pages\/9"}],"wp:attachment":[{"href":"https:\/\/gameline.jp\/shinsonoise\/wp-json\/wp\/v2\/media?parent=33"}],"curies":[{"name":"wp","href":"https:\/\/api.w.org\/{rel}","templated":true}]}}