{"id":112,"date":"2025-10-01T15:18:52","date_gmt":"2025-10-01T06:18:52","guid":{"rendered":"https:\/\/gameline.jp\/soranokiseki1st\/?page_id=112"},"modified":"2025-10-01T15:18:52","modified_gmt":"2025-10-01T06:18:52","slug":"reward-list","status":"publish","type":"page","link":"https:\/\/gameline.jp\/soranokiseki1st\/reward-list\/","title":{"rendered":"\u30ea\u30ef\u30fc\u30c9\u4e00\u89a7"},"content":{"rendered":"<p>\u300e\u7a7a\u306e\u8ecc\u8de1 the 1st\u300f\u306b\u304a\u3051\u308b<strong>\u30ea\u30ef\u30fc\u30c9\u4e00\u89a7<\/strong>\u306f\u3001\u30b2\u30fc\u30e0\u30d7\u30ec\u30a4\u4e2d\u306e\u7279\u5b9a\u306e\u76ee\u6a19\u9054\u6210\u5ea6\u306b\u5fdc\u3058\u3066\u8cb4\u91cd\u306a\u5831\u916c\u3092\u7372\u5f97\u3067\u304d\u308b\u30b7\u30b9\u30c6\u30e0\u3067\u3059\u3002\u3053\u306e\u8a18\u4e8b\u3067\u306f\u3001\u30af\u30a8\u30b9\u30c8\u9054\u6210\u3084\u6226\u95d8\u624b\u5e33\u306e\u767b\u9332\u3001\u6599\u7406\u4f5c\u6210\u3068\u3044\u3063\u305f\u4e3b\u8981\u30ab\u30c6\u30b4\u30ea\u3054\u3068\u306e\u9054\u6210\u6761\u4ef6\u3068\u5f97\u3089\u308c\u308b\u30a2\u30a4\u30c6\u30e0\u3092\u8a73\u7d30\u306b\u89e3\u8aac\u3057\u307e\u3059\u3002\u30ea\u30ef\u30fc\u30c9\u5831\u916c\u306b\u306f\u3001\u30ad\u30e3\u30e9\u30af\u30bf\u30fc\u306e\u6052\u4e45\u7684\u306a\u80fd\u529b\u3092\u5f37\u5316\u3059\u308b\u300c\u96eb\u300d\u3084\u300c\u970a\u85ac\u300d\u3001\u305d\u3057\u3066\u30b2\u30fc\u30e0\u30af\u30ea\u30a2\u5f8c\u3082\u5f79\u7acb\u3064\u5f37\u529b\u306a\u88c5\u5099\u304c\u542b\u307e\u308c\u3066\u304a\u308a\u3001\u3053\u308c\u3089\u306e\u5165\u624b\u7d4c\u8def\u3092\u628a\u63e1\u3059\u308b\u3053\u3068\u3067\u3001\u3042\u306a\u305f\u306e\u904a\u6483\u58eb\uff08\u30d6\u30ec\u30a4\u30b5\u30fc\uff09\u6d3b\u52d5\u3092\u5927\u5e45\u306b\u6709\u5229\u306b\u9032\u3081\u308b\u3053\u3068\u304c\u53ef\u80fd\u3067\u3059\u3002<\/p>\n<h3>\u3053\u306e\u8a18\u4e8b\u306e\u8981\u70b9<\/h3>\n<ul>\n<li>\u30ea\u30ef\u30fc\u30c9\u306f\u300c\u624b\u5e33\u300d\u300c\u6d3b\u52d5\u300d\u300c\u5c0e\u529b\u5668\uff08\u30aa\u30fc\u30d6\u30e1\u30f3\u30c8\uff09\u300d\u300c\u6226\u95d8\u300d\u306e4\u30ab\u30c6\u30b4\u30ea\u306b\u5206\u304b\u308c\u3066\u304a\u308a\u3001\u9032\u884c\u72b6\u6cc1\u306b\u5fdc\u3058\u3066\u5831\u916c\u304c\u5f97\u3089\u308c\u307e\u3059\u3002<\/li>\n<li>\u30af\u30a8\u30b9\u30c8\u309266\u4ef6\u9054\u6210\u3059\u308b\u3068\u3001\u5f37\u529b\u306a\u9632\u5177<strong>\u30d6\u30ec\u30a4\u30b5\u30fc\u30b8\u30e3\u30b1\u30c3\u30c8<\/strong>\u3092\u7372\u5f97\u3067\u304d\u307e\u3059\u3002<\/li>\n<li>\u6210\u529f\u6599\u7406\u304a\u3088\u3073\u73cd\u5999\u6599\u7406\u3092\u4f5c\u6210\u3059\u308b\u3068\u3001\u521d\u56de\u5831\u916c\u3068\u3057\u3066\u30b9\u30c6\u30fc\u30bf\u30b9\u3092\u6052\u4e45\u7684\u306b\u5f37\u5316\u3059\u308b\u300c\u96eb\u300d\u3084\u300c\u970a\u85ac\u300d\u304c\u5165\u624b\u53ef\u80fd\u3067\u3059\u3002<\/li>\n<li>\u5168\u3066\u306e\u6575\uff08\u5168245\u7a2e\u985e\uff09\u3092\u6226\u95d8\u624b\u5e33\u306b\u767b\u9332\u3059\u308b\u3068\u3001\u6700\u9ad8\u7d1a\u30a2\u30a4\u30c6\u30e0\u306e<strong>\u30bc\u30e9\u30e0\u30ab\u30d7\u30bb\u30eb<\/strong>\u304c\u5f97\u3089\u308c\u307e\u3059\u304c\u3001\u6575\u306e\u7a2e\u985e\u306b\u306f\u671f\u9650\u304c\u3042\u308b\u305f\u3081\u53d6\u308a\u3053\u307c\u3057\u306b\u6ce8\u610f\u304c\u5fc5\u8981\u3067\u3059\u3002<\/li>\n<\/ul>\n<h2 id=\"mokuji-1\">\u30ea\u30ef\u30fc\u30c9\u30b7\u30b9\u30c6\u30e0\u306e\u6982\u8981\u3068\u9054\u6210\u30e1\u30ea\u30c3\u30c8<\/h2>\n<h3>\u30ea\u30ef\u30fc\u30c9\u3068\u306f\uff1a\u76ee\u6a19\u9054\u6210\u306b\u5fdc\u3058\u305f\u5831\u916c\u30b7\u30b9\u30c6\u30e0<\/h3>\n<p>\u30ea\u30ef\u30fc\u30c9\u3068\u306f\u3001\u30b9\u30c8\u30fc\u30ea\u30fc\u306e\u9032\u884c\u3068\u306f\u5225\u306b\u3001\u30d7\u30ec\u30a4\u30e4\u30fc\u304c\u30b2\u30fc\u30e0\u5185\u3067\u69d8\u3005\u306a\u76ee\u6a19\uff08\u4f8b\uff1a\u30af\u30a8\u30b9\u30c8\u9054\u6210\u3001\u30a2\u30a4\u30c6\u30e0\u53ce\u96c6\u3001\u6226\u95d8\u56de\u6570\uff09\u3092\u9054\u6210\u3059\u308b\u3053\u3068\u3067\u5f97\u3089\u308c\u308b\u5831\u916c\u30b7\u30b9\u30c6\u30e0\u306e\u3053\u3068\u3067\u3059\u3002\u30ea\u30ef\u30fc\u30c9\u306e\u9054\u6210\u72b6\u6cc1\u306f\u3001\u5468\u56de\u30d7\u30ec\u30a4\u306e\u969b\u306b\u5f15\u304d\u7d99\u304e\u304c\u53ef\u80fd\u306a\u5404\u7a2e\u8981\u7d20\uff08\u30b9\u30ed\u30c3\u30c8\u958b\u5c01\u72b6\u6cc1\u3084\u30b5\u30dd\u30fc\u30c8\u30a2\u30d3\u30ea\u30c6\u30a3LV\u306a\u3069\uff09\u306b\u95a2\u9023\u3057\u3066\u3044\u307e\u3059\u3002<\/p>\n<p>\u30ea\u30ef\u30fc\u30c9\u9805\u76ee\u306e\u4e2d\u306b\u306f\u3001\u901a\u5e38\u306e\u30d7\u30ec\u30a4\u3067\u306f\u306a\u304b\u306a\u304b\u9054\u6210\u304c\u96e3\u3057\u3044\u3082\u306e\u3082\u3042\u308a\u307e\u3059\u304c\u3001\u512a\u5148\u7684\u306b\u72d9\u3046\u3053\u3068\u3067\u3001\u6700\u7d42\u7684\u306b\u975e\u5e38\u306b\u512a\u79c0\u306a\u88c5\u5099\u3084\u30af\u30aa\u30fc\u30c4\uff08\u5c0e\u529b\u9b54\u6cd5\u3092\u69cb\u6210\u3059\u308b\u7d50\u6676\u7247\uff09\u3092\u5165\u624b\u3067\u304d\u308b\u305f\u3081\u3001\u3084\u308a\u8fbc\u307f\u30d7\u30ec\u30a4\u30e4\u30fc\u306b\u3068\u3063\u3066\u306f\u6b20\u304b\u305b\u306a\u3044\u8981\u7d20\u3067\u3059\u3002<\/p>\n<h3>\u8cb4\u91cd\u306a\u5f37\u5316\u30a2\u30a4\u30c6\u30e0\u300c\u970a\u85ac\u300d\u3068\u300c\u96eb\u300d\u306e\u5165\u624b<\/h3>\n<p>\u30ea\u30ef\u30fc\u30c9\u3092\u9054\u6210\u3059\u308b\u3053\u3068\u3067\u5165\u624b\u3067\u304d\u308b\u5831\u916c\u306e\u4e2d\u3067\u3082\u7279\u306b\u91cd\u8981\u306a\u306e\u304c\u3001\u300c\u96eb\u300d\u3084\u300c\u970a\u85ac\u300d\u3068\u3044\u3063\u305f\u30ad\u30e3\u30e9\u30af\u30bf\u30fc\u306e\u80fd\u529b\u5024\u3092\u6052\u4e45\u7684\u306b\u4e0a\u6607\u3055\u305b\u308b\u5f37\u5316\u30a2\u30a4\u30c6\u30e0\u3067\u3059\u3002<\/p>\n<p>\u4f8b\u3048\u3070\u3001\u300c\u6210\u529f\u6599\u7406\u300d\u306e\u4f5c\u6210\u7a2e\u985e\u6570\u306b\u5fdc\u3058\u305f\u30ea\u30ef\u30fc\u30c9\u3067\u306f\u300c\u5b88\u306e\u96eb\u300d\u3084\u300c\u5b88\u306e\u970a\u85ac\u300d\u304c\u624b\u306b\u5165\u308a\u307e\u3059\u3002\u307e\u305f\u3001\u300c\u6226\u95d8\u624b\u5e33\u300d\u306e\u767b\u9332\u6570\u306b\u5fdc\u3058\u305f\u30ea\u30ef\u30fc\u30c9\u3067\u306f\u300c\u529b\u306e\u96eb\u300d\u3084\u300c\u529b\u306e\u970a\u85ac\u300d\u304c\u624b\u306b\u5165\u308a\u307e\u3059\u3002\u3053\u308c\u3089\u306e\u30a2\u30a4\u30c6\u30e0\u3092\u8a08\u753b\u7684\u306b\u5165\u624b\u3057\u4f7f\u7528\u3059\u308b\u3053\u3068\u3067\u3001\u30ad\u30e3\u30e9\u30af\u30bf\u30fc\u306e\u30d1\u30e9\u30e1\u30fc\u30bf\uff08STR\u3001DEF\u3001ATS\u3001ADF\u3001SPD\u3001DEX\u3001AGL\u3001MOV\u3001RNG\u306a\u3069\uff09\u3092\u5e8f\u76e4\u304b\u3089\u52b9\u7387\u3088\u304f\u5f37\u5316\u3059\u308b\u3053\u3068\u304c\u53ef\u80fd\u3067\u3059\u3002<\/p>\n<h2 id=\"mokuji-2\">\u624b\u5e33\u30ab\u30c6\u30b4\u30ea\u5225\u30ea\u30ef\u30fc\u30c9\u5831\u916c\u8a73\u7d30<\/h2>\n<p>\u30ea\u30ef\u30fc\u30c9\u30ab\u30c6\u30b4\u30ea\u306e\u3046\u3061\u3001\u624b\u5e33\u306b\u95a2\u9023\u3059\u308b\u9805\u76ee\u3068\u5831\u916c\u306f\u4ee5\u4e0b\u306e\u901a\u308a\u3067\u3059\u3002<\/p>\n<h3>\u30af\u30a8\u30b9\u30c8\u9054\u6210\u6570\u306b\u5fdc\u3058\u305f\u5831\u916c<\/h3>\n<table>\n<thead>\n<tr>\n<th align=\"left\">\u9054\u6210\u6570<\/th>\n<th align=\"left\">\u5831\u916c\u30a2\u30a4\u30c6\u30e0<\/th>\n<th align=\"left\">\u5099\u8003<\/th>\n<\/tr>\n<\/thead>\n<tbody>\n<tr>\n<td align=\"left\">5\u4ef6\u9054\u6210&amp;\u5831\u544a<\/td>\n<td align=\"left\">\u30c6\u30a3\u30a2\u306e\u85ac\u00d73<\/td>\n<td align=\"left\">HP\u3092500\u56de\u5fa9\u3059\u308b\u30a2\u30a4\u30c6\u30e0\u3067\u3059\u3002<\/td>\n<\/tr>\n<tr>\n<td align=\"left\">11\u4ef6\u9054\u6210&amp;\u5831\u544a<\/td>\n<td align=\"left\">\u30c6\u30a3\u30a2\u30e9\u306e\u85ac\u00d73<\/td>\n<td align=\"left\">HP\u30921000\u56de\u5fa9\u3059\u308b\u30a2\u30a4\u30c6\u30e0\u3067\u3059\u3002<\/td>\n<\/tr>\n<tr>\n<td align=\"left\">22\u4ef6\u9054\u6210&amp;\u5831\u544a<\/td>\n<td align=\"left\">\u30c6\u30a3\u30a2\u30e9\u30eb\u306e\u85ac\u00d73<\/td>\n<td align=\"left\">&#8211;<\/td>\n<\/tr>\n<tr>\n<td align=\"left\">33\u4ef6\u9054\u6210&amp;\u5831\u544a<\/td>\n<td align=\"left\">\u6148\u611b\u00d71<\/td>\n<td align=\"left\">\u30af\u30aa\u30fc\u30c4\u300c\u6148\u611b\u300d\u306f\u56de\u5fa9\u30a2\u30fc\u30c4\u306e\u52b9\u679c\u3092+30%\u306b\u3059\u308b\u52b9\u679c\u304c\u3042\u308a\u307e\u3059\u3002<\/td>\n<\/tr>\n<tr>\n<td align=\"left\">44\u4ef6\u9054\u6210&amp;\u5831\u544a<\/td>\n<td align=\"left\">\u30c6\u30a3\u30a2\u30fb\u30aa\u30eb\u306e\u85ac\u00d71<\/td>\n<td align=\"left\">HP\u3092\u5b8c\u5168\u56de\u5fa9\u3059\u308b\u30a2\u30a4\u30c6\u30e0\u3067\u3059\u3002<\/td>\n<\/tr>\n<tr>\n<td align=\"left\">55\u4ef6\u9054\u6210&amp;\u5831\u544a<\/td>\n<td align=\"left\">HP3\u00d71<\/td>\n<td align=\"left\">\u30af\u30aa\u30fc\u30c4\u300cHP3\u300d\u306f\u6700\u5927HP\u3092+20%\u3057\u307e\u3059\u3002<\/td>\n<\/tr>\n<tr>\n<td align=\"left\">66\u4ef6\u9054\u6210&amp;\u5831\u544a<\/td>\n<td align=\"left\"><strong>\u30d6\u30ec\u30a4\u30b5\u30fc\u30b8\u30e3\u30b1\u30c3\u30c8\u00d71<\/strong><\/td>\n<td align=\"left\">DEF+280\u3001ADF+210\u3001\u5fc5\u6bba\u7387\u30fb\u56de\u907f\u7387\u30fb\u9b54\u6cd5\u56de\u907f\u7387+5%\u306e\u9ad8\u6027\u80fd\u4f53\u9632\u5177\u3067\u3059\u3002<\/td>\n<\/tr>\n<tr>\n<td align=\"left\">\u5168\u3066\u306e\u30af\u30a8\u30b9\u30c8\u9054\u6210&amp;\u5831\u544a<\/td>\n<td align=\"left\"><strong>\u30bc\u30e9\u30e0\u30ab\u30d7\u30bb\u30eb\u00d71<\/strong><\/td>\n<td align=\"left\">HP\u30fbEP\u5b8c\u5168\u56de\u5fa9\u3001\u6226\u95d8\u4e0d\u80fd\u89e3\u9664\u3001CP+200\u306e\u6700\u4e0a\u7d1a\u56de\u5fa9\u30a2\u30a4\u30c6\u30e0\u3067\u3059\u3002<\/td>\n<\/tr>\n<\/tbody>\n<\/table>\n<h3>\u6226\u95d8\u624b\u5e33\u767b\u9332\u6570\u306b\u5fdc\u3058\u305f\u5831\u916c<\/h3>\n<p>\u6226\u95d8\u624b\u5e33\u306b\u767b\u9332\u3057\u305f\u6575\u306e\u7a2e\u985e\u6570\u306b\u5fdc\u3058\u3066\u3001\u30ad\u30e3\u30e9\u30af\u30bf\u30fc\u306e\u7269\u7406\u653b\u6483\u529b\uff08STR\uff09\u306b\u5f71\u97ff\u3092\u4e0e\u3048\u308b\u300c\u529b\u306e\u96eb\u300d\u3084\u300c\u529b\u306e\u970a\u85ac\u300d\u3092\u7372\u5f97\u3067\u304d\u307e\u3059\u3002<\/p>\n<table>\n<thead>\n<tr>\n<th align=\"left\">\u767b\u9332\u7a2e\u985e\u6570<\/th>\n<th align=\"left\">\u5831\u916c\u30a2\u30a4\u30c6\u30e0<\/th>\n<th align=\"left\">\u5099\u8003<\/th>\n<\/tr>\n<\/thead>\n<tbody>\n<tr>\n<td align=\"left\">15\u7a2e\u985e<\/td>\n<td align=\"left\">\u529b\u306e\u96eb\u00d71<\/td>\n<td align=\"left\"><\/td>\n<\/tr>\n<tr>\n<td align=\"left\">30\u7a2e\u985e<\/td>\n<td align=\"left\">\u529b\u306e\u96eb\u00d72<\/td>\n<td align=\"left\"><\/td>\n<\/tr>\n<tr>\n<td align=\"left\">60\u7a2e\u985e<\/td>\n<td align=\"left\">\u529b\u306e\u96eb\u00d73<\/td>\n<td align=\"left\"><\/td>\n<\/tr>\n<tr>\n<td align=\"left\">90\u7a2e\u985e<\/td>\n<td align=\"left\">\u529b\u306e\u96eb\u00d74<\/td>\n<td align=\"left\"><\/td>\n<\/tr>\n<tr>\n<td align=\"left\">120\u7a2e\u985e<\/td>\n<td align=\"left\">\u529b\u306e\u96eb\u00d75<\/td>\n<td align=\"left\"><\/td>\n<\/tr>\n<tr>\n<td align=\"left\">150\u7a2e\u985e<\/td>\n<td align=\"left\">\u529b\u306e\u970a\u85ac\u00d71<\/td>\n<td align=\"left\"><\/td>\n<\/tr>\n<tr>\n<td align=\"left\">180\u7a2e\u985e<\/td>\n<td align=\"left\">\u30bf\u30a4\u30ac\u30fc\u30cf\u30fc\u30c8\u00d71<\/td>\n<td align=\"left\"><\/td>\n<\/tr>\n<tr>\n<td align=\"left\">210\u7a2e\u985e<\/td>\n<td align=\"left\">\u529b\u306e\u970a\u85ac\u00d72<\/td>\n<td align=\"left\"><\/td>\n<\/tr>\n<tr>\n<td align=\"left\">\u5168\u3066\u306e\u6575\u767b\u9332\uff08245\u7a2e\u985e\uff09<\/td>\n<td align=\"left\"><strong>\u30bc\u30e9\u30e0\u30ab\u30d7\u30bb\u30eb\u00d71<\/strong><\/td>\n<td align=\"left\">\u30c8\u30ed\u30d5\u30a3\u30fc\u300c\u30d0\u30c8\u30eb\u30de\u30b9\u30bf\u30fc\u300d\u306e\u7372\u5f97\u6761\u4ef6\u3067\u3082\u3042\u308a\u307e\u3059\u3002<\/td>\n<\/tr>\n<\/tbody>\n<\/table>\n<h3>\u6599\u7406\u4f5c\u6210\u6570\u306b\u5fdc\u3058\u305f\u5831\u916c<\/h3>\n<p>\u6210\u529f\u6599\u7406\u304a\u3088\u3073\u73cd\u5999\u6599\u7406\u306e\u30ec\u30b7\u30d4\u3092\u4e00\u5b9a\u6570\u4f5c\u6210\u3059\u308b\u3053\u3068\u3067\u3001\u9632\u5fa1\u529b\uff08DEF\uff09\u306b\u5f71\u97ff\u3059\u308b\u300c\u5b88\u306e\u96eb\/\u970a\u85ac\u300d\u3084\u3001\u9b54\u6cd5\u653b\u6483\u529b\uff08ATS\uff09\u306b\u5f71\u97ff\u3059\u308b\u300c\u970a\u306e\u96eb\/\u970a\u85ac\u300d\u304c\u7372\u5f97\u3067\u304d\u307e\u3059\u3002<\/p>\n<table>\n<thead>\n<tr>\n<th align=\"left\">\u6210\u529f\u6599\u7406\u4f5c\u6210\u6570<\/th>\n<th align=\"left\">\u5831\u916c\u30a2\u30a4\u30c6\u30e0<\/th>\n<th align=\"left\">\u73cd\u5999\u6599\u7406\u4f5c\u6210\u6570<\/th>\n<th align=\"left\">\u5831\u916c\u30a2\u30a4\u30c6\u30e0<\/th>\n<\/tr>\n<\/thead>\n<tbody>\n<tr>\n<td align=\"left\">5\u7a2e\u985e<\/td>\n<td align=\"left\">\u5b88\u306e\u96eb\u00d71<\/td>\n<td align=\"left\">5\u7a2e\u985e<\/td>\n<td align=\"left\">\u970a\u306e\u96eb\u00d71<\/td>\n<\/tr>\n<tr>\n<td align=\"left\">10\u7a2e\u985e<\/td>\n<td align=\"left\">\u5b88\u306e\u96eb\u00d72<\/td>\n<td align=\"left\">10\u7a2e\u985e<\/td>\n<td align=\"left\">\u970a\u306e\u96eb\u00d72<\/td>\n<\/tr>\n<tr>\n<td align=\"left\">15\u7a2e\u985e<\/td>\n<td align=\"left\">\u30e8\u30b7\u30e5\u30a2\u30fb\u30a8\u30d7\u30ed\u30f3<\/td>\n<td align=\"left\">15\u7a2e\u985e<\/td>\n<td align=\"left\">\u30a8\u30b9\u30c6\u30eb\u30fb\u30a8\u30d7\u30ed\u30f3<\/td>\n<\/tr>\n<tr>\n<td align=\"left\">18\u7a2e\u985e<\/td>\n<td align=\"left\">\u30e8\u30b7\u30e5\u30a2\u30fb\u30b3\u30c3\u30af\u5e3d<\/td>\n<td align=\"left\">18\u7a2e\u985e<\/td>\n<td align=\"left\">\u30a8\u30b9\u30c6\u30eb\u30fb\u30b3\u30c3\u30af\u5e3d<\/td>\n<\/tr>\n<tr>\n<td align=\"left\">20\u7a2e\u985e<\/td>\n<td align=\"left\">\u5b88\u306e\u96eb\u00d73<\/td>\n<td align=\"left\">20\u7a2e\u985e<\/td>\n<td align=\"left\">\u970a\u306e\u96eb\u00d73<\/td>\n<\/tr>\n<tr>\n<td align=\"left\">30\u7a2e\u985e<\/td>\n<td align=\"left\">\u5b88\u306e\u96eb\u00d74<\/td>\n<td align=\"left\">30\u7a2e\u985e<\/td>\n<td align=\"left\">\u970a\u306e\u96eb\u00d74<\/td>\n<\/tr>\n<tr>\n<td align=\"left\">40\u7a2e\u985e<\/td>\n<td align=\"left\">\u5b88\u306e\u96eb\u00d75<\/td>\n<td align=\"left\">40\u7a2e\u985e<\/td>\n<td align=\"left\">\u970a\u306e\u96eb\u00d75<\/td>\n<\/tr>\n<tr>\n<td align=\"left\">50\u7a2e\u985e<\/td>\n<td align=\"left\">\u5b88\u306e\u970a\u85ac\u00d71<\/td>\n<td align=\"left\">50\u7a2e\u985e<\/td>\n<td align=\"left\">\u970a\u306e\u970a\u85ac\u00d71<\/td>\n<\/tr>\n<tr>\n<td align=\"left\">60\u7a2e\u985e<\/td>\n<td align=\"left\">\u5b88\u306e\u970a\u85ac\u00d72<\/td>\n<td align=\"left\">\u5168\u3066\u306e\u73cd\u5999\u6599\u7406<\/td>\n<td align=\"left\">\u970a\u306e\u970a\u85ac\u00d72<\/td>\n<\/tr>\n<tr>\n<td align=\"left\">\u5168\u3066\u306e\u6210\u529f\u6599\u7406<\/td>\n<td align=\"left\"><strong>\u30ec\u30ac\u30ea\u30a2\u30ac\u30fc\u30f4<\/strong><\/td>\n<td align=\"left\"><\/td>\n<td align=\"left\"><\/td>\n<\/tr>\n<\/tbody>\n<\/table>\n<h3>\u66f8\u7269\u53ce\u96c6\u306b\u5fdc\u3058\u305f\u5831\u916c<\/h3>\n<p>\u7269\u8a9e\u3092\u9032\u3081\u308b\u4e2d\u3067\u5165\u624b\u3067\u304d\u308b\u66f8\u7269\uff08\u30ea\u30d9\u30fc\u30eb\u901a\u4fe1\u3084\u30ab\u30fc\u30cd\u30ea\u30a2\u306a\u3069\uff09\u306e\u53ce\u96c6\u6570\u306b\u5fdc\u3058\u3066\u3001\u5c0e\u529b\u5668\u306e\u5f37\u5316\u306b\u5fc5\u8981\u306a<strong>U\u30de\u30c6\u30ea\u30a2\u30eb<\/strong>\u3084<strong>U\u30de\u30c6\u30ea\u30a2\u30eb+<\/strong>\u3092\u7372\u5f97\u3067\u304d\u307e\u3059\u3002<\/p>\n<table>\n<thead>\n<tr>\n<th align=\"left\">\u66f8\u7269\u540d<\/th>\n<th align=\"left\">\u9054\u6210\u6570<\/th>\n<th align=\"left\">\u5831\u916c\u30a2\u30a4\u30c6\u30e0<\/th>\n<th align=\"left\">\u5099\u8003<\/th>\n<\/tr>\n<\/thead>\n<tbody>\n<tr>\n<td align=\"left\">\u30ea\u30d9\u30fc\u30eb\u901a\u4fe1<\/td>\n<td align=\"left\">2\u518a\u30014\u518a\u30016\u518a<\/td>\n<td align=\"left\">U\u30de\u30c6\u30ea\u30a2\u30eb\u00d71, \u00d72, \u00d73<\/td>\n<td align=\"left\"><\/td>\n<\/tr>\n<tr>\n<td align=\"left\">\u30ea\u30d9\u30fc\u30eb\u901a\u4fe1<\/td>\n<td align=\"left\">8\u518a\u300110\u518a<\/td>\n<td align=\"left\">U\u30de\u30c6\u30ea\u30a2\u30eb+\u00d71, \u00d72<\/td>\n<td align=\"left\">\u30ea\u30d9\u30fc\u30eb\u901a\u4fe1\u306f\u516811\u53f7\u307e\u3067\u3042\u308a\u307e\u3059\u3002<\/td>\n<\/tr>\n<tr>\n<td align=\"left\">\u30ab\u30fc\u30cd\u30ea\u30a2<\/td>\n<td align=\"left\">2\u518a\u30014\u518a\u30016\u518a<\/td>\n<td align=\"left\">U\u30de\u30c6\u30ea\u30a2\u30eb\u00d71, \u00d72, \u00d73<\/td>\n<td align=\"left\">\u30ab\u30fc\u30cd\u30ea\u30a2\u306f\u516811\u5dfb\u3067\u3059\u3002<\/td>\n<\/tr>\n<tr>\n<td align=\"left\">\u30ab\u30fc\u30cd\u30ea\u30a2<\/td>\n<td align=\"left\">8\u518a\u300111\u518a<\/td>\n<td align=\"left\">U\u30de\u30c6\u30ea\u30a2\u30eb+\u00d71, \u00d72<\/td>\n<td align=\"left\">\u30ab\u30fc\u30cd\u30ea\u30a2\u5168\u5dfb\u3092\u96c6\u3081\u308b\u3068\u7d42\u7ae0\u3067\u30a8\u30b9\u30c6\u30eb\u3068\u30e8\u30b7\u30e5\u30a2\u306e\u6700\u5f37\u6b66\u5668\u3068\u4ea4\u63db\u53ef\u80fd\u3067\u3059\u3002<\/td>\n<\/tr>\n<tr>\n<td align=\"left\">\u5168\u3066\u306e\u66f8\u7269\u3092\u767b\u9332\uff0833\u518a\uff09<\/td>\n<td align=\"left\"><strong>\u30bc\u30e9\u30e0\u30ab\u30d7\u30bb\u30eb\u00d71<\/strong><\/td>\n<td align=\"left\"><\/td>\n<td align=\"left\"><\/td>\n<\/tr>\n<\/tbody>\n<\/table>\n<h2 id=\"mokuji-3\">\u30ea\u30ef\u30fc\u30c9\u3067\u5165\u624b\u3067\u304d\u308b\u8cb4\u91cd\u306a\u30a2\u30a4\u30c6\u30e0\u89e3\u8aac<\/h2>\n<p>\u30ea\u30ef\u30fc\u30c9\u5831\u916c\u306e\u4e2d\u306b\u306f\u3001\u30b2\u30fc\u30e0\u5185\u3067\u975e\u5e38\u306b\u5f37\u529b\u3067\u3042\u3063\u305f\u308a\u3001\u30ea\u30ef\u30fc\u30c9\u4ee5\u5916\u3067\u306f\u5165\u624b\u3067\u304d\u306a\u3044\u56fa\u6709\u30a2\u30a4\u30c6\u30e0\u304c\u5b58\u5728\u3057\u307e\u3059\u3002<\/p>\n<h3>\u30d6\u30ec\u30a4\u30b5\u30fc\u30b8\u30e3\u30b1\u30c3\u30c8 (\u30af\u30a8\u30b9\u30c866\u4ef6\u9054\u6210\u5831\u916c)<\/h3>\n<p>\u30af\u30a8\u30b9\u30c866\u4ef6\u9054\u6210\u3067\u624b\u306b\u5165\u308b\u300c\u30d6\u30ec\u30a4\u30b5\u30fc\u30b8\u30e3\u30b1\u30c3\u30c8\u300d\u306f\u3001DEF\uff08\u7269\u7406\u9632\u5fa1\u529b\uff09\u3068ADF\uff08\u9b54\u6cd5\u9632\u5fa1\u529b\uff09\u304c\u9ad8\u6c34\u6e96\u3067\u3001\u3055\u3089\u306b\u5fc5\u6bba\u7387\u30fb\u56de\u907f\u7387\u30fb\u9b54\u6cd5\u56de\u907f\u7387\u304c+5%\u3055\u308c\u308b\u9ad8\u6027\u80fd\u306a\u4f53\u9632\u5177\u3067\u3059\u3002<strong>\u30d6\u30ec\u30a4\u30b5\u30fc\u30b8\u30e3\u30b1\u30c3\u30c8+<\/strong>\u306b\u5f37\u5316\u3059\u308b\u3053\u3068\u3067\u3001\u3053\u308c\u3089\u306e\u88dc\u6b63\u306f\u3055\u3089\u306b\u9ad8\u304f\u306a\u308a\u307e\u3059\uff08DEF+300, ADF+225, \u5fc5\u6bba\u7387\u30fb\u56de\u907f\u7387\u30fb\u9b54\u6cd5\u56de\u907f\u7387+10%\uff09\u3002<\/p>\n<h3>\u30bc\u30e9\u30e0\u30ab\u30d7\u30bb\u30eb (\u5168\u53ce\u96c6\u30fb\u5168\u767b\u9332\u5831\u916c)<\/h3>\n<p>\u300c\u30bc\u30e9\u30e0\u30ab\u30d7\u30bb\u30eb\u300d\u306f\u3001HP\/EP\u3092\u5168\u56de\u5fa9\u3055\u305b\u3001\u6226\u95d8\u4e0d\u80fd\u3092\u89e3\u9664\u3057\u3001CP\u3092+200\u56de\u5fa9\u3055\u305b\u308b\u6700\u9ad8\u7d1a\u306e\u9053\u5177\u3067\u3059\u3002\u3053\u306e\u8cb4\u91cd\u306a\u30a2\u30a4\u30c6\u30e0\u306f\u3001\u30ea\u30ef\u30fc\u30c9\u9054\u6210\u5831\u916c\u3068\u3057\u3066\u4ee5\u4e0b\u306e3\u3064\u306e\u6761\u4ef6\u3092\u6e80\u305f\u3059\u3053\u3068\u3067\u5165\u624b\u3067\u304d\u307e\u3059\u3002<\/p>\n<ol>\n<li>\u5168\u3066\u306e\u30af\u30a8\u30b9\u30c8\u3092\u9054\u6210&amp;\u5831\u544a\u3002<\/li>\n<li>\u5168\u3066\u306e\u6575\u3092\u6226\u95d8\u624b\u5e33\u306b\u767b\u9332\u3002<\/li>\n<li>\u5168\u3066\u306e\u66f8\u7269\uff08\u516833\u518a\uff09\u3092\u767b\u9332\u3002<\/li>\n<\/ol>\n<h3>\u6148\u611b (\u30af\u30a8\u30b9\u30c833\u4ef6\u9054\u6210\u5831\u916c)<\/h3>\n<p>\u30af\u30a8\u30b9\u30c8\u9054\u6210\u5831\u916c\u3067\u5165\u624b\u3067\u304d\u308b\u300c\u6148\u611b\u300d\u306f\u3001\u30af\u30aa\u30fc\u30c4\u306e\u4e2d\u3067\u3082\u300c\u56de\u5fa9\u30a2\u30fc\u30c4\u306e\u52b9\u679c+30%\u300d\u3068\u3044\u3046\u975e\u5e38\u306b\u512a\u79c0\u306a\u52b9\u679c\u3092\u6301\u3061\u307e\u3059\u3002\u7279\u306b\u56de\u5fa9\u5f79\u306e\u30ad\u30e3\u30e9\u30af\u30bf\u30fc\uff08\u4f8b\uff1a\u30af\u30ed\u30fc\u30bc\uff09\u306b\u88c5\u5099\u3055\u305b\u308b\u3053\u3068\u3067\u3001\u6226\u95d8\u306b\u304a\u3051\u308b\u7d99\u6226\u80fd\u529b\u3092\u5927\u304d\u304f\u5411\u4e0a\u3055\u305b\u308b\u3053\u3068\u304c\u3067\u304d\u307e\u3059\u3002<\/p>\n<h2 id=\"mokuji-4\">\u30ea\u30ef\u30fc\u30c9\u9054\u6210\u306b\u5411\u3051\u305f\u7559\u610f\u70b9<\/h2>\n<p>\u30ea\u30ef\u30fc\u30c9\u3092\u30b3\u30f3\u30d7\u30ea\u30fc\u30c8\uff08\u5168\u3066\u9054\u6210\uff09\u3059\u308b\u306b\u306f\u3001\u6642\u9650\u8981\u7d20\uff08\u7279\u5b9a\u306e\u30bf\u30a4\u30df\u30f3\u30b0\u3092\u9003\u3059\u3068\u4e8c\u5ea6\u3068\u5165\u624b\u30fb\u9054\u6210\u3067\u304d\u306a\u304f\u306a\u308b\u8981\u7d20\uff09\u306b\u6ce8\u610f\u304c\u5fc5\u8981\u3067\u3059\u3002<\/p>\n<h3>\u671f\u9593\u9650\u5b9a\u8981\u7d20\u3092\u9003\u3055\u306a\u3044\u305f\u3081\u306e\u6ce8\u610f\u70b9<\/h3>\n<p><strong>\u5168\u3066\u306e\u30af\u30a8\u30b9\u30c8\u306e\u9054\u6210:<\/strong><br \/>\u30b5\u30d6\u30af\u30a8\u30b9\u30c8\u306b\u306f\u5168\u3066\u671f\u9650\u304c\u8a2d\u3051\u3089\u308c\u3066\u3044\u307e\u3059\u3002\u307e\u305f\u3001\u9078\u629e\u80a2\u306b\u3088\u3063\u3066BP\uff08\u30d6\u30ec\u30a4\u30b5\u30fc\u30dd\u30a4\u30f3\u30c8\uff09\u306e\u7372\u5f97\u5024\u3084\u5831\u916c\u304c\u5909\u52d5\u3059\u308b\u3082\u306e\u304c\u3042\u308a, BP\u6700\u5927\u5316\u3092\u76ee\u6307\u3059\u5834\u5408\u306f\u7279\u306b\u9078\u629e\u80a2\u306e\u6b63\u89e3\u3092\u9078\u3076\u5fc5\u8981\u304c\u3042\u308a\u307e\u3059\u3002\u30ea\u30ef\u30fc\u30c9\u306e\u300c\u5168\u3066\u306e\u30af\u30a8\u30b9\u30c8\u3092\u9054\u6210&amp;\u5831\u544a\u300d\u306b\u306f\u3001\u30b9\u30c8\u30fc\u30ea\u30fc\u5404\u7ae0\u306e\u9032\u884c\u72b6\u6cc1\u3092\u5e38\u306b\u30c1\u30a7\u30c3\u30af\u3057\u3001\u30af\u30a8\u30b9\u30c8\u3092\u53d6\u308a\u3053\u307c\u3055\u306a\u3044\u3053\u3068\u304c\u91cd\u8981\u3067\u3059\u3002<\/p>\n<p><strong>\u6226\u95d8\u624b\u5e33\u306e\u5b8c\u5168\u767b\u9332:<\/strong><br \/>\u6226\u95d8\u624b\u5e33\u306b\u767b\u9332\u3059\u308b\u6575\u306f\u3001\u7279\u5b9a\u306e\u671f\u9593\u3084\u5834\u6240\u3067\u3057\u304b\u51fa\u73fe\u3057\u306a\u3044\u3082\u306e\u304c\u591a\u6570\u5b58\u5728\u3059\u308b\u305f\u3081\u3001\u30b9\u30c8\u30fc\u30ea\u30fc\u3092\u9032\u3081\u3066\u3057\u307e\u3046\u3068\u57cb\u3081\u3089\u308c\u306a\u304f\u306a\u308a\u307e\u3059\u3002\u7279\u306b\u5404\u7ae0\u306e\u30dc\u30b9\u3084\u624b\u914d\u9b54\u7363\u3001\u96a0\u3057\u30a8\u30ea\u30a2\uff08\u4f8b\uff1a\u7d42\u7ae0\u306e\u5c01\u5370\u533a\u753b\u3084\u30a8\u30eb\u30d9\u5468\u904a\u9053\u306b\u51fa\u73fe\u3059\u308b\u30b7\u30e3\u30a4\u30cb\u30f3\u30b0\u30dd\u30e0\uff09\u306f\u3001\u305d\u306e\u7ae0\u304c\u7d42\u4e86\u3059\u308b\u524d\u306b\u5fc5\u305a\u6226\u95d8\u3059\u308b\u5fc5\u8981\u304c\u3042\u308a\u307e\u3059\u3002\u6226\u95d8\u624b\u5e33\u306e\u30ea\u30ef\u30fc\u30c9\u3092\u72d9\u3046\u969b\u306f\u3001\u8a72\u5f53\u30a8\u30ea\u30a2\u306e\u6575\u3092\u4e8b\u524d\u306b\u5168\u3066\u5012\u3057\u305f\u3053\u3068\u3092\u78ba\u8a8d\u3057\u307e\u3057\u3087\u3046\u3002<\/p>\n<p><strong>\u6599\u7406\u30ec\u30b7\u30d4\u3068\u66f8\u7269\u306e\u53ce\u96c6:<\/strong><br \/>\u6599\u7406\u306e\u30ec\u30b7\u30d4\u3084\u66f8\u7269\uff08\u30ea\u30d9\u30fc\u30eb\u901a\u4fe1\u3001\u30ab\u30fc\u30cd\u30ea\u30a2\u306a\u3069\uff09\u3082\u8cfc\u5165\u30fb\u5165\u624b\u3067\u304d\u308b\u671f\u9593\u304c\u9650\u5b9a\u3055\u308c\u3066\u3044\u307e\u3059\u3002\u4f8b\u3048\u3070\u3001\u30ea\u30d9\u30fc\u30eb\u901a\u4fe1\u3084\u30ab\u30fc\u30cd\u30ea\u30a2\u306f\u5404\u7ae0\u306e\u5e02\u8ca9\u5e97\u3084NPC\u304b\u3089\u5165\u624b\u3067\u304d\u307e\u3059\u304c\u3001\u7ae0\u304c\u5909\u308f\u308b\u524d\u306b\u8cfc\u5165\u3084NPC\u3068\u306e\u4f1a\u8a71\u3092\u6e08\u307e\u305b\u3066\u304a\u304f\u5fc5\u8981\u304c\u3042\u308a\u307e\u3059\u3002<\/p>\n<h3>\u30ea\u30ef\u30fc\u30c9\u5831\u916c\u306e\u53d6\u308a\u6271\u3044\u306b\u3064\u3044\u3066<\/h3>\n<p>\u30ea\u30ef\u30fc\u30c9\u5831\u916c\u3067\u624b\u306b\u5165\u308b\u30a2\u30af\u30bb\u30b5\u30ea\u3084\u88c5\u5099\u54c1\u306e\u4e2d\u306b\u306f\u3001<strong>\u30ea\u30ef\u30fc\u30c9\u4ee5\u5916\u3067\u306f\u5165\u624b\u3067\u304d\u306a\u3044\u56fa\u6709\u306e\u30a2\u30a4\u30c6\u30e0<\/strong>\u304c\u542b\u307e\u308c\u3066\u3044\u307e\u3059\u3002\u3053\u308c\u3089\u306e\u30ea\u30ef\u30fc\u30c9\u5831\u916c\u30a2\u30a4\u30c6\u30e0\u3092\u58f2\u5374\u3057\u3066\u3057\u307e\u3046\u3068\u3001\u5468\u56de\u6642\u306b\u300c\u30ea\u30ef\u30fc\u30c9\u95a2\u9023\u300d\u306e\u5f15\u304d\u7d99\u304e\u3092\u9078\u629e\u3057\u306a\u3044\u9650\u308a\u3001\u518d\u5165\u624b\u304c\u975e\u5e38\u306b\u56f0\u96e3\u306b\u306a\u308b\u305f\u3081\u3001\u58f2\u5374\u306f\u907f\u3051\u308b\u3079\u304d\u3067\u3059\u3002<\/p>\n<h2 id=\"mokuji-5\">\u30ea\u30ef\u30fc\u30c9\u307e\u3068\u3081<\/h2>\n<p>\u300e\u7a7a\u306e\u8ecc\u8de1 the 1st\u300f\u306e\u30ea\u30ef\u30fc\u30c9\u30b7\u30b9\u30c6\u30e0\u306f\u3001\u5358\u306a\u308b\u9054\u6210\u8a18\u9332\u3060\u3051\u3067\u306a\u304f\u3001\u96eb\u3084\u970a\u85ac\u306b\u3088\u308b\u6052\u4e45\u7684\u306a\u30b9\u30c6\u30fc\u30bf\u30b9\u30a2\u30c3\u30d7\u3001\u305d\u3057\u3066\u300c\u30d6\u30ec\u30a4\u30b5\u30fc\u30b8\u30e3\u30b1\u30c3\u30c8\u300d\u3084\u300c\u30bc\u30e9\u30e0\u30ab\u30d7\u30bb\u30eb\u300d\u3068\u3044\u3063\u305f\u5f37\u529b\u306a\u5831\u916c\u30a2\u30a4\u30c6\u30e0\u306e\u7372\u5f97\u624b\u6bb5\u3067\u3082\u3042\u308a\u307e\u3059\u3002<\/p>\n<p>\u30ea\u30ef\u30fc\u30c9\u3092\u52b9\u7387\u3088\u304f\u56de\u53ce\u3059\u308b\u305f\u3081\u306b\u306f\u3001\u30af\u30a8\u30b9\u30c8\u3084\u6226\u95d8\u624b\u5e33\u3001\u66f8\u7269\u3068\u3044\u3063\u305f<strong>\u6642\u9650\u8981\u7d20\u306e\u78ba\u8a8d\u3092\u5fb9\u5e95\u3059\u308b<\/strong>\u3053\u3068\u304c\u6210\u529f\u306e\u9375\u3067\u3059\u3002\u3053\u308c\u3089\u306e\u8981\u7d20\u3092\u6f0f\u308c\u306a\u304f\u53ce\u96c6\u30fb\u9054\u6210\u3059\u308b\u3053\u3068\u3067\u3001\u3088\u308a\u5feb\u9069\u306b\u30b2\u30fc\u30e0\u3092\u653b\u7565\u3057\u3001\u300c\u51c4\u8155\u30d6\u30ec\u30a4\u30b5\u30fc\u300d\u306e\u30c8\u30ed\u30d5\u30a3\u30fc\u9054\u6210\uff08\u5168\u3066\u306e\u30ea\u30ef\u30fc\u30c9\u9054\u6210\uff09\u3092\u76ee\u6307\u3059\u3053\u3068\u304c\u3067\u304d\u308b\u3067\u3057\u3087\u3046\u3002<\/p>\n","protected":false},"excerpt":{"rendered":"<p>\u300e\u7a7a\u306e\u8ecc\u8de1 the 1st\u300f\u306b\u304a\u3051\u308b\u30ea\u30ef\u30fc\u30c9\u4e00\u89a7\u306f\u3001\u30b2\u30fc\u30e0\u30d7\u30ec\u30a4\u4e2d\u306e\u7279\u5b9a\u306e\u76ee\u6a19\u9054\u6210\u5ea6\u306b\u5fdc\u3058\u3066\u8cb4\u91cd\u306a\u5831&#8230;<\/p>\n","protected":false},"author":1,"featured_media":0,"parent":0,"menu_order":710,"comment_status":"open","ping_status":"closed","template":"","meta":{"footnotes":""},"class_list":["post-112","page","type-page","status-publish","hentry"],"meta_data":{"rare":""},"_links":{"self":[{"href":"https:\/\/gameline.jp\/soranokiseki1st\/wp-json\/wp\/v2\/pages\/112","targetHints":{"allow":["GET"]}}],"collection":[{"href":"https:\/\/gameline.jp\/soranokiseki1st\/wp-json\/wp\/v2\/pages"}],"about":[{"href":"https:\/\/gameline.jp\/soranokiseki1st\/wp-json\/wp\/v2\/types\/page"}],"author":[{"embeddable":true,"href":"https:\/\/gameline.jp\/soranokiseki1st\/wp-json\/wp\/v2\/users\/1"}],"replies":[{"embeddable":true,"href":"https:\/\/gameline.jp\/soranokiseki1st\/wp-json\/wp\/v2\/comments?post=112"}],"version-history":[{"count":1,"href":"https:\/\/gameline.jp\/soranokiseki1st\/wp-json\/wp\/v2\/pages\/112\/revisions"}],"predecessor-version":[{"id":113,"href":"https:\/\/gameline.jp\/soranokiseki1st\/wp-json\/wp\/v2\/pages\/112\/revisions\/113"}],"wp:attachment":[{"href":"https:\/\/gameline.jp\/soranokiseki1st\/wp-json\/wp\/v2\/media?parent=112"}],"curies":[{"name":"wp","href":"https:\/\/api.w.org\/{rel}","templated":true}]}}